{"id":4161,"date":"2026-05-13T12:36:30","date_gmt":"2026-05-13T10:36:30","guid":{"rendered":"https:\/\/alberto.pruebasdugage.es\/?post_type=product&#038;p=4161"},"modified":"2026-05-13T12:36:31","modified_gmt":"2026-05-13T10:36:31","slug":"lyles","status":"publish","type":"product","link":"https:\/\/alberto.pruebasdugage.es\/?product=lyles","title":{"rendered":"LYLES"},"content":{"rendered":"","protected":false},"excerpt":{"rendered":"<p>Zueco de m\u00e1xima comodidad. Agujeros de ventilaci\u00f3n y tira de sujeci\u00f3n de doble posici\u00f3n en el tal\u00f3n. Modelo multifuncional, para usar en tiempo libre y tambi\u00e9n ideal para personas que pasan muchas horas de pie, como trabajadores del sector alimentaci\u00f3n, est\u00e9tica&#8230;<\/p>\n","protected":false},"featured_media":4350,"comment_status":"open","ping_status":"closed","template":"","meta":[],"product_brand":[],"product_cat":[69],"product_tag":[],"class_list":{"0":"post-4161","1":"product","2":"type-product","3":"status-publish","4":"has-post-thumbnail","6":"product_cat-unisex","8":"first","9":"instock","10":"shipping-taxable","11":"purchasable","12":"product-type-variable"},"_links":{"self":[{"href":"https:\/\/alberto.pruebasdugage.es\/index.php?rest_route=\/wp\/v2\/product\/4161","targetHints":{"allow":["GET"]}}],"collection":[{"href":"https:\/\/alberto.pruebasdugage.es\/index.php?rest_route=\/wp\/v2\/product"}],"about":[{"href":"https:\/\/alberto.pruebasdugage.es\/index.php?rest_route=\/wp\/v2\/types\/product"}],"replies":[{"embeddable":true,"href":"https:\/\/alberto.pruebasdugage.es\/index.php?rest_route=%2Fwp%2Fv2%2Fcomments&post=4161"}],"wp:featuredmedia":[{"embeddable":true,"href":"https:\/\/alberto.pruebasdugage.es\/index.php?rest_route=\/wp\/v2\/media\/4350"}],"wp:attachment":[{"href":"https:\/\/alberto.pruebasdugage.es\/index.php?rest_route=%2Fwp%2Fv2%2Fmedia&parent=4161"}],"wp:term":[{"taxonomy":"product_brand","embeddable":true,"href":"https:\/\/alberto.pruebasdugage.es\/index.php?rest_route=%2Fwp%2Fv2%2Fproduct_brand&post=4161"},{"taxonomy":"product_cat","embeddable":true,"href":"https:\/\/alberto.pruebasdugage.es\/index.php?rest_route=%2Fwp%2Fv2%2Fproduct_cat&post=4161"},{"taxonomy":"product_tag","embeddable":true,"href":"https:\/\/alberto.pruebasdugage.es\/index.php?rest_route=%2Fwp%2Fv2%2Fproduct_tag&post=4161"}],"curies":[{"name":"wp","href":"https:\/\/api.w.org\/{rel}","templated":true}]}}