{"id":4226,"date":"2026-05-13T12:44:55","date_gmt":"2026-05-13T10:44:55","guid":{"rendered":"https:\/\/alberto.pruebasdugage.es\/?post_type=product&#038;p=4226"},"modified":"2026-05-13T12:44:56","modified_gmt":"2026-05-13T10:44:56","slug":"racing","status":"publish","type":"product","link":"https:\/\/alberto.pruebasdugage.es\/?product=racing","title":{"rendered":"RACING"},"content":{"rendered":"","protected":false},"excerpt":{"rendered":"<p>Conjunto deportivo unisex de dos camisetas y un pantal\u00f3n transpirable. Camisetas con detalles a contraste de color en cuello y pu\u00f1os. Cubrecosturas en el cuello. Pantal\u00f3n con cintura engomada y cord\u00f3n de ajuste.<\/p>\n","protected":false},"featured_media":4434,"comment_status":"open","ping_status":"closed","template":"","meta":[],"product_brand":[],"product_cat":[49],"product_tag":[],"class_list":{"0":"post-4226","1":"product","2":"type-product","3":"status-publish","4":"has-post-thumbnail","6":"product_cat-hombre","8":"first","9":"instock","10":"shipping-taxable","11":"purchasable","12":"product-type-variable"},"_links":{"self":[{"href":"https:\/\/alberto.pruebasdugage.es\/index.php?rest_route=\/wp\/v2\/product\/4226","targetHints":{"allow":["GET"]}}],"collection":[{"href":"https:\/\/alberto.pruebasdugage.es\/index.php?rest_route=\/wp\/v2\/product"}],"about":[{"href":"https:\/\/alberto.pruebasdugage.es\/index.php?rest_route=\/wp\/v2\/types\/product"}],"replies":[{"embeddable":true,"href":"https:\/\/alberto.pruebasdugage.es\/index.php?rest_route=%2Fwp%2Fv2%2Fcomments&post=4226"}],"wp:featuredmedia":[{"embeddable":true,"href":"https:\/\/alberto.pruebasdugage.es\/index.php?rest_route=\/wp\/v2\/media\/4434"}],"wp:attachment":[{"href":"https:\/\/alberto.pruebasdugage.es\/index.php?rest_route=%2Fwp%2Fv2%2Fmedia&parent=4226"}],"wp:term":[{"taxonomy":"product_brand","embeddable":true,"href":"https:\/\/alberto.pruebasdugage.es\/index.php?rest_route=%2Fwp%2Fv2%2Fproduct_brand&post=4226"},{"taxonomy":"product_cat","embeddable":true,"href":"https:\/\/alberto.pruebasdugage.es\/index.php?rest_route=%2Fwp%2Fv2%2Fproduct_cat&post=4226"},{"taxonomy":"product_tag","embeddable":true,"href":"https:\/\/alberto.pruebasdugage.es\/index.php?rest_route=%2Fwp%2Fv2%2Fproduct_tag&post=4226"}],"curies":[{"name":"wp","href":"https:\/\/api.w.org\/{rel}","templated":true}]}}