{"id":5928,"date":"2026-05-14T12:47:07","date_gmt":"2026-05-14T10:47:07","guid":{"rendered":"https:\/\/alberto.pruebasdugage.es\/?post_type=product&#038;p=5928"},"modified":"2026-05-14T12:47:08","modified_gmt":"2026-05-14T10:47:08","slug":"lujan","status":"publish","type":"product","link":"https:\/\/alberto.pruebasdugage.es\/?product=lujan","title":{"rendered":"LUJAN"},"content":{"rendered":"","protected":false},"excerpt":{"rendered":"<p>Camisa vaquera manga larga con trabilla ajustable.\u00b7 Tejido stretch.\u00b7 Cuello camisero.\u00b7 Costura adelantada en hombros y canes\u00fa trasero.\u00b7 Bolsillo en pico pecho izquierdo.\u00b7 Pu\u00f1os con abotonadura doble y pinzas al lado de la tapeta de pu\u00f1o con un bot\u00f3n m\u00e1s peque\u00f1o.\u00b7 Bajos redondeados.<\/p>\n","protected":false},"featured_media":5948,"comment_status":"open","ping_status":"closed","template":"","meta":[],"product_brand":[],"product_cat":[69],"product_tag":[],"class_list":{"0":"post-5928","1":"product","2":"type-product","3":"status-publish","4":"has-post-thumbnail","6":"product_cat-unisex","8":"first","9":"instock","10":"shipping-taxable","11":"purchasable","12":"product-type-variable"},"_links":{"self":[{"href":"https:\/\/alberto.pruebasdugage.es\/index.php?rest_route=\/wp\/v2\/product\/5928","targetHints":{"allow":["GET"]}}],"collection":[{"href":"https:\/\/alberto.pruebasdugage.es\/index.php?rest_route=\/wp\/v2\/product"}],"about":[{"href":"https:\/\/alberto.pruebasdugage.es\/index.php?rest_route=\/wp\/v2\/types\/product"}],"replies":[{"embeddable":true,"href":"https:\/\/alberto.pruebasdugage.es\/index.php?rest_route=%2Fwp%2Fv2%2Fcomments&post=5928"}],"wp:featuredmedia":[{"embeddable":true,"href":"https:\/\/alberto.pruebasdugage.es\/index.php?rest_route=\/wp\/v2\/media\/5948"}],"wp:attachment":[{"href":"https:\/\/alberto.pruebasdugage.es\/index.php?rest_route=%2Fwp%2Fv2%2Fmedia&parent=5928"}],"wp:term":[{"taxonomy":"product_brand","embeddable":true,"href":"https:\/\/alberto.pruebasdugage.es\/index.php?rest_route=%2Fwp%2Fv2%2Fproduct_brand&post=5928"},{"taxonomy":"product_cat","embeddable":true,"href":"https:\/\/alberto.pruebasdugage.es\/index.php?rest_route=%2Fwp%2Fv2%2Fproduct_cat&post=5928"},{"taxonomy":"product_tag","embeddable":true,"href":"https:\/\/alberto.pruebasdugage.es\/index.php?rest_route=%2Fwp%2Fv2%2Fproduct_tag&post=5928"}],"curies":[{"name":"wp","href":"https:\/\/api.w.org\/{rel}","templated":true}]}}