{"id":6538,"date":"2026-05-14T15:02:14","date_gmt":"2026-05-14T13:02:14","guid":{"rendered":"https:\/\/alberto.pruebasdugage.es\/?post_type=product&#038;p=6538"},"modified":"2026-05-14T15:02:14","modified_gmt":"2026-05-14T13:02:14","slug":"minsk","status":"publish","type":"product","link":"https:\/\/alberto.pruebasdugage.es\/?product=minsk","title":{"rendered":"MINSK"},"content":{"rendered":"","protected":false},"excerpt":{"rendered":"<p>Chaqueta de manga ranglan y capucha combinada con dos tejidos: el cuerpo delantero y espalda en tafet\u00e1n ligeramente acolchado, y las mangas, capucha y paneles laterales en poli\u00e9ster con el interior en micropolar. Bolsillos laterales con cremalleras al tono insertados en los paneles laterales. Vivo el\u00e1stico en contorno de capucha y pu\u00f1os. Espalda con fald\u00f3n.<\/p>\n","protected":false},"featured_media":0,"comment_status":"open","ping_status":"closed","template":"","meta":[],"product_brand":[],"product_cat":[49],"product_tag":[],"class_list":{"0":"post-6538","1":"product","2":"type-product","3":"status-publish","5":"product_cat-hombre","7":"first","8":"instock","9":"shipping-taxable","10":"purchasable","11":"product-type-variable"},"_links":{"self":[{"href":"https:\/\/alberto.pruebasdugage.es\/index.php?rest_route=\/wp\/v2\/product\/6538","targetHints":{"allow":["GET"]}}],"collection":[{"href":"https:\/\/alberto.pruebasdugage.es\/index.php?rest_route=\/wp\/v2\/product"}],"about":[{"href":"https:\/\/alberto.pruebasdugage.es\/index.php?rest_route=\/wp\/v2\/types\/product"}],"replies":[{"embeddable":true,"href":"https:\/\/alberto.pruebasdugage.es\/index.php?rest_route=%2Fwp%2Fv2%2Fcomments&post=6538"}],"wp:attachment":[{"href":"https:\/\/alberto.pruebasdugage.es\/index.php?rest_route=%2Fwp%2Fv2%2Fmedia&parent=6538"}],"wp:term":[{"taxonomy":"product_brand","embeddable":true,"href":"https:\/\/alberto.pruebasdugage.es\/index.php?rest_route=%2Fwp%2Fv2%2Fproduct_brand&post=6538"},{"taxonomy":"product_cat","embeddable":true,"href":"https:\/\/alberto.pruebasdugage.es\/index.php?rest_route=%2Fwp%2Fv2%2Fproduct_cat&post=6538"},{"taxonomy":"product_tag","embeddable":true,"href":"https:\/\/alberto.pruebasdugage.es\/index.php?rest_route=%2Fwp%2Fv2%2Fproduct_tag&post=6538"}],"curies":[{"name":"wp","href":"https:\/\/api.w.org\/{rel}","templated":true}]}}