{"id":6883,"date":"2026-05-15T09:54:35","date_gmt":"2026-05-15T07:54:35","guid":{"rendered":"https:\/\/alberto.pruebasdugage.es\/?post_type=product&#038;p=6883"},"modified":"2026-05-15T09:54:36","modified_gmt":"2026-05-15T07:54:36","slug":"makalu","status":"publish","type":"product","link":"https:\/\/alberto.pruebasdugage.es\/?product=makalu","title":{"rendered":"MAKALU"},"content":{"rendered":"","protected":false},"excerpt":{"rendered":"<p>Chaqueta ligera con cremallera frontal. Repelente al agua y resistente al viento. Protector de barbilla. Capucha con cremallera extra\u00edble y ajustadores el\u00e1sticos. Pu\u00f1os engomados. Bolsillos laterales con cremallera y ribeteados en el mismo tejido. Bolsillo interior en pecho izquierdo. Forro interior en micropolar al tono.<\/p>\n","protected":false},"featured_media":6993,"comment_status":"open","ping_status":"closed","template":"","meta":[],"product_brand":[],"product_cat":[49],"product_tag":[],"class_list":{"0":"post-6883","1":"product","2":"type-product","3":"status-publish","4":"has-post-thumbnail","6":"product_cat-hombre","8":"first","9":"instock","10":"shipping-taxable","11":"purchasable","12":"product-type-variable"},"_links":{"self":[{"href":"https:\/\/alberto.pruebasdugage.es\/index.php?rest_route=\/wp\/v2\/product\/6883","targetHints":{"allow":["GET"]}}],"collection":[{"href":"https:\/\/alberto.pruebasdugage.es\/index.php?rest_route=\/wp\/v2\/product"}],"about":[{"href":"https:\/\/alberto.pruebasdugage.es\/index.php?rest_route=\/wp\/v2\/types\/product"}],"replies":[{"embeddable":true,"href":"https:\/\/alberto.pruebasdugage.es\/index.php?rest_route=%2Fwp%2Fv2%2Fcomments&post=6883"}],"wp:featuredmedia":[{"embeddable":true,"href":"https:\/\/alberto.pruebasdugage.es\/index.php?rest_route=\/wp\/v2\/media\/6993"}],"wp:attachment":[{"href":"https:\/\/alberto.pruebasdugage.es\/index.php?rest_route=%2Fwp%2Fv2%2Fmedia&parent=6883"}],"wp:term":[{"taxonomy":"product_brand","embeddable":true,"href":"https:\/\/alberto.pruebasdugage.es\/index.php?rest_route=%2Fwp%2Fv2%2Fproduct_brand&post=6883"},{"taxonomy":"product_cat","embeddable":true,"href":"https:\/\/alberto.pruebasdugage.es\/index.php?rest_route=%2Fwp%2Fv2%2Fproduct_cat&post=6883"},{"taxonomy":"product_tag","embeddable":true,"href":"https:\/\/alberto.pruebasdugage.es\/index.php?rest_route=%2Fwp%2Fv2%2Fproduct_tag&post=6883"}],"curies":[{"name":"wp","href":"https:\/\/api.w.org\/{rel}","templated":true}]}}